{"id":47,"date":"2025-07-17T18:20:23","date_gmt":"2025-07-17T18:20:23","guid":{"rendered":"https:\/\/framelite.com.br\/2025\/?page_id=47"},"modified":"2025-07-17T18:20:24","modified_gmt":"2025-07-17T18:20:24","slug":"portfolio-projetos-realizados","status":"publish","type":"page","link":"https:\/\/framelite.com.br\/2025\/portfolio-projetos-realizados\/","title":{"rendered":"Portf\u00f3lio \u2013 Projetos Realizados"},"content":{"rendered":"\n<h3 class=\"wp-block-heading\"><strong>Obras em steel frame e drywall executadas com qualidade, agilidade e tecnologia em todo o estado de S\u00e3o Paulo<\/strong><\/h3>\n\n\n\n<p>A <strong>Frame Lite Empreiteira<\/strong> atua com excel\u00eancia na execu\u00e7\u00e3o de projetos residenciais, comerciais e corporativos em <strong>steel frame<\/strong> e <strong>drywall<\/strong>, sempre priorizando rapidez, sustentabilidade e acabamento superior.<\/p>\n\n\n\n<p>Nesta p\u00e1gina, apresentamos alguns dos nossos projetos para mostrar na pr\u00e1tica como transformamos ideias em obras modernas, seguras e funcionais.<\/p>\n\n\n\n<hr class=\"wp-block-separator has-alpha-channel-opacity\"\/>\n\n\n\n<h3 class=\"wp-block-heading\">\ud83c\udfe1 <strong>Residenciais<\/strong><\/h3>\n\n\n\n<p>Solu\u00e7\u00f5es completas para casas t\u00e9rreas, sobrados, lofts e amplia\u00e7\u00f5es residenciais, oferecendo isolamento termoac\u00fastico, menor tempo de obra e acabamento de alto padr\u00e3o.<\/p>\n\n\n\n<figure class=\"wp-block-gallery has-nested-images columns-default is-cropped wp-block-gallery-1 is-layout-flex wp-block-gallery-is-layout-flex\">\n<figure class=\"wp-block-image size-large\"><img loading=\"lazy\" decoding=\"async\" width=\"250\" height=\"250\" data-id=\"48\" src=\"https:\/\/framelite.com.br\/2025\/wp-content\/uploads\/2025\/07\/residencia-steelframe-boituva250.png\" alt=\"\" class=\"wp-image-48\" srcset=\"https:\/\/framelite.com.br\/2025\/wp-content\/uploads\/2025\/07\/residencia-steelframe-boituva250.png 250w, https:\/\/framelite.com.br\/2025\/wp-content\/uploads\/2025\/07\/residencia-steelframe-boituva250-150x150.png 150w\" sizes=\"auto, (max-width: 250px) 100vw, 250px\" \/><\/figure>\n\n\n\n<figure class=\"wp-block-image size-large\"><img loading=\"lazy\" decoding=\"async\" width=\"250\" height=\"250\" data-id=\"49\" src=\"https:\/\/framelite.com.br\/2025\/wp-content\/uploads\/2025\/07\/residencia-steelframe-jundiai2-250.png\" alt=\"\" class=\"wp-image-49\" srcset=\"https:\/\/framelite.com.br\/2025\/wp-content\/uploads\/2025\/07\/residencia-steelframe-jundiai2-250.png 250w, https:\/\/framelite.com.br\/2025\/wp-content\/uploads\/2025\/07\/residencia-steelframe-jundiai2-250-150x150.png 150w\" sizes=\"auto, (max-width: 250px) 100vw, 250px\" \/><\/figure>\n\n\n\n<figure class=\"wp-block-image size-large\"><img loading=\"lazy\" decoding=\"async\" width=\"250\" height=\"250\" data-id=\"50\" src=\"https:\/\/framelite.com.br\/2025\/wp-content\/uploads\/2025\/07\/steel-frame-cobertura-boituva2-250.png\" alt=\"\" class=\"wp-image-50\" srcset=\"https:\/\/framelite.com.br\/2025\/wp-content\/uploads\/2025\/07\/steel-frame-cobertura-boituva2-250.png 250w, https:\/\/framelite.com.br\/2025\/wp-content\/uploads\/2025\/07\/steel-frame-cobertura-boituva2-250-150x150.png 150w\" sizes=\"auto, (max-width: 250px) 100vw, 250px\" \/><\/figure>\n\n\n\n<figure class=\"wp-block-image size-large\"><img loading=\"lazy\" decoding=\"async\" width=\"250\" height=\"250\" data-id=\"51\" src=\"https:\/\/framelite.com.br\/2025\/wp-content\/uploads\/2025\/07\/steel-frame-cobertura-boituva250.png\" alt=\"\" class=\"wp-image-51\" srcset=\"https:\/\/framelite.com.br\/2025\/wp-content\/uploads\/2025\/07\/steel-frame-cobertura-boituva250.png 250w, https:\/\/framelite.com.br\/2025\/wp-content\/uploads\/2025\/07\/steel-frame-cobertura-boituva250-150x150.png 150w\" sizes=\"auto, (max-width: 250px) 100vw, 250px\" \/><\/figure>\n\n\n\n<figure class=\"wp-block-image size-large\"><img loading=\"lazy\" decoding=\"async\" width=\"250\" height=\"250\" data-id=\"52\" src=\"https:\/\/framelite.com.br\/2025\/wp-content\/uploads\/2025\/07\/steelframe-minutomoldura-250.png\" alt=\"\" class=\"wp-image-52\" srcset=\"https:\/\/framelite.com.br\/2025\/wp-content\/uploads\/2025\/07\/steelframe-minutomoldura-250.png 250w, https:\/\/framelite.com.br\/2025\/wp-content\/uploads\/2025\/07\/steelframe-minutomoldura-250-150x150.png 150w\" sizes=\"auto, (max-width: 250px) 100vw, 250px\" \/><\/figure>\n\n\n\n<figure class=\"wp-block-image size-large\"><img loading=\"lazy\" decoding=\"async\" width=\"250\" height=\"250\" data-id=\"53\" src=\"https:\/\/framelite.com.br\/2025\/wp-content\/uploads\/2025\/07\/steelframe-molduraminuto2-250.png\" alt=\"\" class=\"wp-image-53\" srcset=\"https:\/\/framelite.com.br\/2025\/wp-content\/uploads\/2025\/07\/steelframe-molduraminuto2-250.png 250w, https:\/\/framelite.com.br\/2025\/wp-content\/uploads\/2025\/07\/steelframe-molduraminuto2-250-150x150.png 150w\" sizes=\"auto, (max-width: 250px) 100vw, 250px\" \/><\/figure>\n<\/figure>\n\n\n\n<hr class=\"wp-block-separator has-alpha-channel-opacity\"\/>\n\n\n\n<h3 class=\"wp-block-heading\">\ud83c\udfe2 <strong>Comerciais e corporativos<\/strong><\/h3>\n\n\n\n<p>Projetos personalizados para lojas, escrit\u00f3rios, cl\u00ednicas, restaurantes e espa\u00e7os comerciais, pensados para atender demandas espec\u00edficas de cada neg\u00f3cio.<\/p>\n\n\n\n<figure class=\"wp-block-gallery has-nested-images columns-default is-cropped wp-block-gallery-2 is-layout-flex wp-block-gallery-is-layout-flex\">\n<figure class=\"wp-block-image size-large\"><img loading=\"lazy\" decoding=\"async\" width=\"1000\" height=\"750\" data-id=\"55\" src=\"https:\/\/framelite.com.br\/2025\/wp-content\/uploads\/2025\/07\/obra-steel-frame-itupeva-3.jpeg\" alt=\"\" class=\"wp-image-55\" srcset=\"https:\/\/framelite.com.br\/2025\/wp-content\/uploads\/2025\/07\/obra-steel-frame-itupeva-3.jpeg 1000w, https:\/\/framelite.com.br\/2025\/wp-content\/uploads\/2025\/07\/obra-steel-frame-itupeva-3-300x225.jpeg 300w, https:\/\/framelite.com.br\/2025\/wp-content\/uploads\/2025\/07\/obra-steel-frame-itupeva-3-768x576.jpeg 768w\" sizes=\"auto, (max-width: 1000px) 100vw, 1000px\" \/><\/figure>\n\n\n\n<figure class=\"wp-block-image size-large\"><img loading=\"lazy\" decoding=\"async\" width=\"576\" height=\"1024\" data-id=\"56\" src=\"https:\/\/framelite.com.br\/2025\/wp-content\/uploads\/2025\/07\/steel-frame-obra-7-576x1024.jpeg\" alt=\"\" class=\"wp-image-56\" srcset=\"https:\/\/framelite.com.br\/2025\/wp-content\/uploads\/2025\/07\/steel-frame-obra-7-576x1024.jpeg 576w, https:\/\/framelite.com.br\/2025\/wp-content\/uploads\/2025\/07\/steel-frame-obra-7-169x300.jpeg 169w, https:\/\/framelite.com.br\/2025\/wp-content\/uploads\/2025\/07\/steel-frame-obra-7-768x1366.jpeg 768w, https:\/\/framelite.com.br\/2025\/wp-content\/uploads\/2025\/07\/steel-frame-obra-7-864x1536.jpeg 864w, https:\/\/framelite.com.br\/2025\/wp-content\/uploads\/2025\/07\/steel-frame-obra-7.jpeg 899w\" sizes=\"auto, (max-width: 576px) 100vw, 576px\" \/><\/figure>\n\n\n\n<figure class=\"wp-block-image size-large\"><img loading=\"lazy\" decoding=\"async\" width=\"768\" height=\"1024\" data-id=\"57\" src=\"https:\/\/framelite.com.br\/2025\/wp-content\/uploads\/2025\/07\/steel-frame-obra-9-768x1024.jpeg\" alt=\"\" class=\"wp-image-57\" srcset=\"https:\/\/framelite.com.br\/2025\/wp-content\/uploads\/2025\/07\/steel-frame-obra-9-768x1024.jpeg 768w, https:\/\/framelite.com.br\/2025\/wp-content\/uploads\/2025\/07\/steel-frame-obra-9-225x300.jpeg 225w, https:\/\/framelite.com.br\/2025\/wp-content\/uploads\/2025\/07\/steel-frame-obra-9.jpeg 780w\" sizes=\"auto, (max-width: 768px) 100vw, 768px\" \/><\/figure>\n\n\n\n<figure class=\"wp-block-image size-large\"><img loading=\"lazy\" decoding=\"async\" width=\"576\" height=\"1024\" data-id=\"58\" src=\"https:\/\/framelite.com.br\/2025\/wp-content\/uploads\/2025\/07\/steel-frame-obra-12-576x1024.jpeg\" alt=\"\" class=\"wp-image-58\" srcset=\"https:\/\/framelite.com.br\/2025\/wp-content\/uploads\/2025\/07\/steel-frame-obra-12-576x1024.jpeg 576w, https:\/\/framelite.com.br\/2025\/wp-content\/uploads\/2025\/07\/steel-frame-obra-12-169x300.jpeg 169w, https:\/\/framelite.com.br\/2025\/wp-content\/uploads\/2025\/07\/steel-frame-obra-12-768x1366.jpeg 768w, https:\/\/framelite.com.br\/2025\/wp-content\/uploads\/2025\/07\/steel-frame-obra-12-864x1536.jpeg 864w, https:\/\/framelite.com.br\/2025\/wp-content\/uploads\/2025\/07\/steel-frame-obra-12.jpeg 899w\" sizes=\"auto, (max-width: 576px) 100vw, 576px\" \/><\/figure>\n\n\n\n<figure class=\"wp-block-image size-large\"><img loading=\"lazy\" decoding=\"async\" width=\"576\" height=\"1024\" data-id=\"59\" src=\"https:\/\/framelite.com.br\/2025\/wp-content\/uploads\/2025\/07\/steel-frame-obra-13-576x1024.jpeg\" alt=\"\" class=\"wp-image-59\" srcset=\"https:\/\/framelite.com.br\/2025\/wp-content\/uploads\/2025\/07\/steel-frame-obra-13-576x1024.jpeg 576w, https:\/\/framelite.com.br\/2025\/wp-content\/uploads\/2025\/07\/steel-frame-obra-13-169x300.jpeg 169w, https:\/\/framelite.com.br\/2025\/wp-content\/uploads\/2025\/07\/steel-frame-obra-13-768x1366.jpeg 768w, https:\/\/framelite.com.br\/2025\/wp-content\/uploads\/2025\/07\/steel-frame-obra-13-864x1536.jpeg 864w, https:\/\/framelite.com.br\/2025\/wp-content\/uploads\/2025\/07\/steel-frame-obra-13.jpeg 899w\" sizes=\"auto, (max-width: 576px) 100vw, 576px\" \/><\/figure>\n\n\n\n<figure class=\"wp-block-image size-large\"><img loading=\"lazy\" decoding=\"async\" width=\"576\" height=\"1024\" data-id=\"60\" src=\"https:\/\/framelite.com.br\/2025\/wp-content\/uploads\/2025\/07\/steel-frame-obra-15-576x1024.jpeg\" alt=\"\" class=\"wp-image-60\" srcset=\"https:\/\/framelite.com.br\/2025\/wp-content\/uploads\/2025\/07\/steel-frame-obra-15-576x1024.jpeg 576w, https:\/\/framelite.com.br\/2025\/wp-content\/uploads\/2025\/07\/steel-frame-obra-15-169x300.jpeg 169w, https:\/\/framelite.com.br\/2025\/wp-content\/uploads\/2025\/07\/steel-frame-obra-15-768x1366.jpeg 768w, https:\/\/framelite.com.br\/2025\/wp-content\/uploads\/2025\/07\/steel-frame-obra-15-864x1536.jpeg 864w, https:\/\/framelite.com.br\/2025\/wp-content\/uploads\/2025\/07\/steel-frame-obra-15.jpeg 899w\" sizes=\"auto, (max-width: 576px) 100vw, 576px\" \/><\/figure>\n\n\n\n<figure class=\"wp-block-image size-large\"><img loading=\"lazy\" decoding=\"async\" width=\"576\" height=\"1024\" data-id=\"61\" src=\"https:\/\/framelite.com.br\/2025\/wp-content\/uploads\/2025\/07\/steel-frame-obra-16-576x1024.jpeg\" alt=\"\" class=\"wp-image-61\" srcset=\"https:\/\/framelite.com.br\/2025\/wp-content\/uploads\/2025\/07\/steel-frame-obra-16-576x1024.jpeg 576w, https:\/\/framelite.com.br\/2025\/wp-content\/uploads\/2025\/07\/steel-frame-obra-16-169x300.jpeg 169w, https:\/\/framelite.com.br\/2025\/wp-content\/uploads\/2025\/07\/steel-frame-obra-16-768x1366.jpeg 768w, https:\/\/framelite.com.br\/2025\/wp-content\/uploads\/2025\/07\/steel-frame-obra-16-864x1536.jpeg 864w, https:\/\/framelite.com.br\/2025\/wp-content\/uploads\/2025\/07\/steel-frame-obra-16.jpeg 899w\" sizes=\"auto, (max-width: 576px) 100vw, 576px\" \/><\/figure>\n\n\n\n<figure class=\"wp-block-image size-large\"><img loading=\"lazy\" decoding=\"async\" width=\"461\" height=\"1024\" data-id=\"62\" src=\"https:\/\/framelite.com.br\/2025\/wp-content\/uploads\/2025\/07\/obra-pg-louveira-steel-frame-2-461x1024.jpeg\" alt=\"\" class=\"wp-image-62\" srcset=\"https:\/\/framelite.com.br\/2025\/wp-content\/uploads\/2025\/07\/obra-pg-louveira-steel-frame-2-461x1024.jpeg 461w, https:\/\/framelite.com.br\/2025\/wp-content\/uploads\/2025\/07\/obra-pg-louveira-steel-frame-2-135x300.jpeg 135w, https:\/\/framelite.com.br\/2025\/wp-content\/uploads\/2025\/07\/obra-pg-louveira-steel-frame-2-691x1536.jpeg 691w, https:\/\/framelite.com.br\/2025\/wp-content\/uploads\/2025\/07\/obra-pg-louveira-steel-frame-2.jpeg 720w\" sizes=\"auto, (max-width: 461px) 100vw, 461px\" \/><\/figure>\n\n\n\n<figure class=\"wp-block-image size-large\"><img loading=\"lazy\" decoding=\"async\" width=\"461\" height=\"1024\" data-id=\"63\" src=\"https:\/\/framelite.com.br\/2025\/wp-content\/uploads\/2025\/07\/obra-pg-louveira-steel-frame-4-461x1024.jpeg\" alt=\"\" class=\"wp-image-63\" srcset=\"https:\/\/framelite.com.br\/2025\/wp-content\/uploads\/2025\/07\/obra-pg-louveira-steel-frame-4-461x1024.jpeg 461w, https:\/\/framelite.com.br\/2025\/wp-content\/uploads\/2025\/07\/obra-pg-louveira-steel-frame-4-135x300.jpeg 135w, https:\/\/framelite.com.br\/2025\/wp-content\/uploads\/2025\/07\/obra-pg-louveira-steel-frame-4-691x1536.jpeg 691w, https:\/\/framelite.com.br\/2025\/wp-content\/uploads\/2025\/07\/obra-pg-louveira-steel-frame-4.jpeg 720w\" sizes=\"auto, (max-width: 461px) 100vw, 461px\" \/><\/figure>\n\n\n\n<figure class=\"wp-block-image size-large\"><img loading=\"lazy\" decoding=\"async\" width=\"1024\" height=\"769\" data-id=\"64\" src=\"https:\/\/framelite.com.br\/2025\/wp-content\/uploads\/2025\/07\/obra-pg-louveira-steel-frame-9-1024x769.jpeg\" alt=\"\" class=\"wp-image-64\" srcset=\"https:\/\/framelite.com.br\/2025\/wp-content\/uploads\/2025\/07\/obra-pg-louveira-steel-frame-9-1024x769.jpeg 1024w, https:\/\/framelite.com.br\/2025\/wp-content\/uploads\/2025\/07\/obra-pg-louveira-steel-frame-9-300x225.jpeg 300w, https:\/\/framelite.com.br\/2025\/wp-content\/uploads\/2025\/07\/obra-pg-louveira-steel-frame-9-768x576.jpeg 768w, https:\/\/framelite.com.br\/2025\/wp-content\/uploads\/2025\/07\/obra-pg-louveira-steel-frame-9-1536x1153.jpeg 1536w, https:\/\/framelite.com.br\/2025\/wp-content\/uploads\/2025\/07\/obra-pg-louveira-steel-frame-9.jpeg 1600w\" sizes=\"auto, (max-width: 1024px) 100vw, 1024px\" \/><\/figure>\n\n\n\n<figure class=\"wp-block-image size-large\"><img loading=\"lazy\" decoding=\"async\" width=\"1024\" height=\"576\" data-id=\"65\" src=\"https:\/\/framelite.com.br\/2025\/wp-content\/uploads\/2025\/07\/obra-steel-frame-1-2-1024x576.jpeg\" alt=\"\" class=\"wp-image-65\" srcset=\"https:\/\/framelite.com.br\/2025\/wp-content\/uploads\/2025\/07\/obra-steel-frame-1-2-1024x576.jpeg 1024w, https:\/\/framelite.com.br\/2025\/wp-content\/uploads\/2025\/07\/obra-steel-frame-1-2-300x169.jpeg 300w, https:\/\/framelite.com.br\/2025\/wp-content\/uploads\/2025\/07\/obra-steel-frame-1-2-768x432.jpeg 768w, https:\/\/framelite.com.br\/2025\/wp-content\/uploads\/2025\/07\/obra-steel-frame-1-2-1536x864.jpeg 1536w, https:\/\/framelite.com.br\/2025\/wp-content\/uploads\/2025\/07\/obra-steel-frame-1-2.jpeg 1599w\" sizes=\"auto, (max-width: 1024px) 100vw, 1024px\" \/><\/figure>\n\n\n\n<figure class=\"wp-block-image size-large\"><img loading=\"lazy\" decoding=\"async\" width=\"1024\" height=\"768\" data-id=\"66\" src=\"https:\/\/framelite.com.br\/2025\/wp-content\/uploads\/2025\/07\/obra-steel-frame-itupeva-2-1024x768.jpeg\" alt=\"\" class=\"wp-image-66\" srcset=\"https:\/\/framelite.com.br\/2025\/wp-content\/uploads\/2025\/07\/obra-steel-frame-itupeva-2-1024x768.jpeg 1024w, https:\/\/framelite.com.br\/2025\/wp-content\/uploads\/2025\/07\/obra-steel-frame-itupeva-2-300x225.jpeg 300w, https:\/\/framelite.com.br\/2025\/wp-content\/uploads\/2025\/07\/obra-steel-frame-itupeva-2-768x576.jpeg 768w, https:\/\/framelite.com.br\/2025\/wp-content\/uploads\/2025\/07\/obra-steel-frame-itupeva-2-1536x1152.jpeg 1536w, https:\/\/framelite.com.br\/2025\/wp-content\/uploads\/2025\/07\/obra-steel-frame-itupeva-2.jpeg 1600w\" sizes=\"auto, (max-width: 1024px) 100vw, 1024px\" \/><\/figure>\n<\/figure>\n\n\n\n<hr class=\"wp-block-separator has-alpha-channel-opacity\"\/>\n\n\n\n<h3 class=\"wp-block-heading\">\ud83d\udee0 <strong>Reformas, amplia\u00e7\u00f5es e adapta\u00e7\u00f5es<\/strong><\/h3>\n\n\n\n<p>Obras que transformam ambientes existentes, sempre com solu\u00e7\u00f5es a seco que reduzem prazos e impacto no dia a dia do local.<\/p>\n\n\n\n<hr class=\"wp-block-separator has-alpha-channel-opacity\"\/>\n\n\n\n<h2 class=\"wp-block-heading\">\u2705 <strong>Construa seu projeto com quem entende<\/strong><\/h2>\n\n\n\n<p>Quer ver mais detalhes ou tirar d\u00favidas?<br>Entre em contato e descubra como a Frame Lite Empreiteira pode transformar sua ideia em realidade com rapidez, tecnologia e qualidade.<\/p>\n\n\n\n<p>\ud83d\udccd <strong>Atendemos todo o estado de S\u00e3o Paulo!<\/strong><\/p>\n\n\n\n<div class=\"wp-block-buttons is-content-justification-center is-layout-flex wp-container-core-buttons-is-layout-a89b3969 wp-block-buttons-is-layout-flex\">\n<div class=\"wp-block-button\"><a class=\"wp-block-button__link wp-element-button\" href=\"https:\/\/wa.me\/5511947746804?text=Gostaria de solicitar um or\u00e7amento de Steel Frame\" target=\"_blank\" rel=\"noreferrer noopener\"><strong>Solicite seu Or\u00e7amento Agora mesmo<\/strong><\/a><\/div>\n<\/div>\n","protected":false},"excerpt":{"rendered":"<p>Obras em steel frame e drywall executadas com qualidade, agilidade e tecnologia em todo o estado de S\u00e3o Paulo A Frame Lite Empreiteira atua com excel\u00eancia na execu\u00e7\u00e3o de projetos residenciais, comerciais e corporativos em steel frame e drywall, sempre priorizando rapidez, sustentabilidade e acabamento superior. Nesta p\u00e1gina, apresentamos alguns dos nossos projetos para mostrar [&hellip;]<\/p>\n","protected":false},"author":1,"featured_media":0,"parent":0,"menu_order":0,"comment_status":"closed","ping_status":"closed","template":"","meta":{"footnotes":""},"class_list":["post-47","page","type-page","status-publish","hentry"],"aioseo_notices":[],"_links":{"self":[{"href":"https:\/\/framelite.com.br\/2025\/wp-json\/wp\/v2\/pages\/47","targetHints":{"allow":["GET"]}}],"collection":[{"href":"https:\/\/framelite.com.br\/2025\/wp-json\/wp\/v2\/pages"}],"about":[{"href":"https:\/\/framelite.com.br\/2025\/wp-json\/wp\/v2\/types\/page"}],"author":[{"embeddable":true,"href":"https:\/\/framelite.com.br\/2025\/wp-json\/wp\/v2\/users\/1"}],"replies":[{"embeddable":true,"href":"https:\/\/framelite.com.br\/2025\/wp-json\/wp\/v2\/comments?post=47"}],"version-history":[{"count":1,"href":"https:\/\/framelite.com.br\/2025\/wp-json\/wp\/v2\/pages\/47\/revisions"}],"predecessor-version":[{"id":67,"href":"https:\/\/framelite.com.br\/2025\/wp-json\/wp\/v2\/pages\/47\/revisions\/67"}],"wp:attachment":[{"href":"https:\/\/framelite.com.br\/2025\/wp-json\/wp\/v2\/media?parent=47"}],"curies":[{"name":"wp","href":"https:\/\/api.w.org\/{rel}","templated":true}]}}