{"id":68,"date":"2025-07-17T18:24:19","date_gmt":"2025-07-17T18:24:19","guid":{"rendered":"https:\/\/framelite.com.br\/2025\/?page_id=68"},"modified":"2025-07-17T18:24:20","modified_gmt":"2025-07-17T18:24:20","slug":"contato-frame-lite-empreiteira","status":"publish","type":"page","link":"https:\/\/framelite.com.br\/2025\/contato-frame-lite-empreiteira\/","title":{"rendered":"Contato &#8211; Frame Lite Empreiteira"},"content":{"rendered":"\n<h3 class=\"wp-block-heading\"><strong>Fale com especialistas em steel frame e drywall e tire seu projeto do papel<\/strong><\/h3>\n\n\n\n<p>Entre em contato com a <strong>Frame Lite Empreiteira<\/strong> para solicitar seu or\u00e7amento gratuito, tirar d\u00favidas ou saber mais sobre nossos servi\u00e7os.<br>Atendemos <strong>todo o estado de S\u00e3o Paulo<\/strong> com solu\u00e7\u00f5es modernas, r\u00e1pidas e de qualidade para constru\u00e7\u00f5es residenciais, comerciais e corporativas.<\/p>\n\n\n\n<hr class=\"wp-block-separator has-alpha-channel-opacity\"\/>\n\n\n\n<h2 class=\"wp-block-heading\">\ud83d\udccd <strong>Nossos canais de atendimento:<\/strong><\/h2>\n\n\n\n<p>\ud83d\udcde <strong>Telefone \/ WhatsApp:<\/strong> (11) 94774-6804<br>\u2709\ufe0f <strong>E-mail:<\/strong> <a>contato@framelite.com.br<\/a><br>\ud83d\udccd <strong>Endere\u00e7o:<\/strong> Rua Paulina Ortega, 367 Jd. mte Alegre Tabo\u00e3o da Serra SP<br>\ud83d\udd50 <strong>Hor\u00e1rio de atendimento:<\/strong> Segunda a sexta, das 8h \u00e0s 18h<\/p>\n\n\n\n<blockquote class=\"wp-block-quote is-layout-flow wp-block-quote-is-layout-flow\">\n<p><em>Atendimento r\u00e1pido, profissional e humanizado!<\/em><\/p>\n<\/blockquote>\n\n\n\n<hr class=\"wp-block-separator has-alpha-channel-opacity\"\/>\n\n\n\n<h2 class=\"wp-block-heading\">\u270f\ufe0f <strong>Formul\u00e1rio de contato:<\/strong><\/h2>\n\n\n\n<div class=\"wpcf7 no-js\" id=\"wpcf7-f23-o1\" lang=\"pt-BR\" dir=\"ltr\" data-wpcf7-id=\"23\">\n<div class=\"screen-reader-response\"><p role=\"status\" aria-live=\"polite\" aria-atomic=\"true\"><\/p> <ul><\/ul><\/div>\n<form action=\"\/2025\/wp-json\/wp\/v2\/pages\/68#wpcf7-f23-o1\" method=\"post\" class=\"wpcf7-form init\" aria-label=\"Formul\u00e1rios de contato\" novalidate=\"novalidate\" data-status=\"init\">\n<fieldset class=\"hidden-fields-container\"><input type=\"hidden\" name=\"_wpcf7\" value=\"23\" \/><input type=\"hidden\" name=\"_wpcf7_version\" value=\"6.1\" \/><input type=\"hidden\" name=\"_wpcf7_locale\" value=\"pt_BR\" \/><input type=\"hidden\" name=\"_wpcf7_unit_tag\" value=\"wpcf7-f23-o1\" \/><input type=\"hidden\" name=\"_wpcf7_container_post\" value=\"0\" \/><input type=\"hidden\" name=\"_wpcf7_posted_data_hash\" value=\"\" \/>\n<\/fieldset>\n<p><label> Seu nome<br \/>\n<span class=\"wpcf7-form-control-wrap\" data-name=\"your-name\"><input size=\"40\" maxlength=\"400\" class=\"wpcf7-form-control wpcf7-text wpcf7-validates-as-required\" autocomplete=\"name\" aria-required=\"true\" aria-invalid=\"false\" value=\"\" type=\"text\" name=\"your-name\" \/><\/span> <\/label>\n<\/p>\n<p><label> Seu e-mail<br \/>\n<span class=\"wpcf7-form-control-wrap\" data-name=\"your-email\"><input size=\"40\" maxlength=\"400\" class=\"wpcf7-form-control wpcf7-email wpcf7-validates-as-required wpcf7-text wpcf7-validates-as-email\" autocomplete=\"email\" aria-required=\"true\" aria-invalid=\"false\" value=\"\" type=\"email\" name=\"your-email\" \/><\/span> <\/label>\n<\/p>\n<p><label> Assunto<br \/>\n<span class=\"wpcf7-form-control-wrap\" data-name=\"your-subject\"><input size=\"40\" maxlength=\"400\" class=\"wpcf7-form-control wpcf7-text wpcf7-validates-as-required\" aria-required=\"true\" aria-invalid=\"false\" value=\"\" type=\"text\" name=\"your-subject\" \/><\/span> <\/label>\n<\/p>\n<p><label> Sua mensagem (opcional)<br \/>\n<span class=\"wpcf7-form-control-wrap\" data-name=\"your-message\"><textarea cols=\"40\" rows=\"10\" maxlength=\"2000\" class=\"wpcf7-form-control wpcf7-textarea\" aria-invalid=\"false\" name=\"your-message\"><\/textarea><\/span> <\/label>\n<\/p>\n<p><input class=\"wpcf7-form-control wpcf7-submit has-spinner\" type=\"submit\" value=\"Enviar\" \/>\n<\/p><div class=\"wpcf7-response-output\" aria-hidden=\"true\"><\/div>\n<\/form>\n<\/div>\n\n\n\n\n<p><\/p>\n","protected":false},"excerpt":{"rendered":"<p>Fale com especialistas em steel frame e drywall e tire seu projeto do papel Entre em contato com a Frame Lite Empreiteira para solicitar seu or\u00e7amento gratuito, tirar d\u00favidas ou saber mais sobre nossos servi\u00e7os.Atendemos todo o estado de S\u00e3o Paulo com solu\u00e7\u00f5es modernas, r\u00e1pidas e de qualidade para constru\u00e7\u00f5es residenciais, comerciais e corporativas. \ud83d\udccd [&hellip;]<\/p>\n","protected":false},"author":1,"featured_media":0,"parent":0,"menu_order":0,"comment_status":"closed","ping_status":"closed","template":"","meta":{"footnotes":""},"class_list":["post-68","page","type-page","status-publish","hentry"],"aioseo_notices":[],"_links":{"self":[{"href":"https:\/\/framelite.com.br\/2025\/wp-json\/wp\/v2\/pages\/68","targetHints":{"allow":["GET"]}}],"collection":[{"href":"https:\/\/framelite.com.br\/2025\/wp-json\/wp\/v2\/pages"}],"about":[{"href":"https:\/\/framelite.com.br\/2025\/wp-json\/wp\/v2\/types\/page"}],"author":[{"embeddable":true,"href":"https:\/\/framelite.com.br\/2025\/wp-json\/wp\/v2\/users\/1"}],"replies":[{"embeddable":true,"href":"https:\/\/framelite.com.br\/2025\/wp-json\/wp\/v2\/comments?post=68"}],"version-history":[{"count":1,"href":"https:\/\/framelite.com.br\/2025\/wp-json\/wp\/v2\/pages\/68\/revisions"}],"predecessor-version":[{"id":69,"href":"https:\/\/framelite.com.br\/2025\/wp-json\/wp\/v2\/pages\/68\/revisions\/69"}],"wp:attachment":[{"href":"https:\/\/framelite.com.br\/2025\/wp-json\/wp\/v2\/media?parent=68"}],"curies":[{"name":"wp","href":"https:\/\/api.w.org\/{rel}","templated":true}]}}